{"id":23,"date":"2022-12-14T12:01:06","date_gmt":"2022-12-14T11:01:06","guid":{"rendered":"https:\/\/www.dtf-print24.wien\/?page_id=23"},"modified":"2022-12-14T13:33:30","modified_gmt":"2022-12-14T12:33:30","slug":"herzlich-willkommen-bei-dtf-print24-wien","status":"publish","type":"page","link":"https:\/\/www.dtf-print24.wien\/","title":{"rendered":"DTF-PRINT24.WIEN"},"content":{"rendered":"\n<h2 class=\"wp-block-heading\"><mark style=\"background-color:rgba(0, 0, 0, 0)\" class=\"has-inline-color has-luminous-vivid-orange-color\">DTF <\/mark>Druck &#8211; schnell und einfach! <\/h2>\n\n\n\n<p>Als Druckerei und Werbetechniker bieten wir Ihnen alles f\u00fcr Ihren perfekten Auftritt nach au\u00dfen. <\/p>\n\n\n\n<p>Beschriftung | Textildruck | Stickerei | Digitaldruck | uvm. <\/p>\n\n\n\n<p>NEU auch DTF Druck &#8211; die schnelle und g\u00fcnstige L\u00f6sung als Bogenware. <\/p>\n\n\n\n<p>Hier finden Sie uns. <\/p>\n\n\n\n<hr class=\"wp-block-separator has-alpha-channel-opacity\"\/>\n\n\n\n<iframe src=\"https:\/\/www.google.com\/maps\/embed?pb=!1m18!1m12!1m3!1d2657.776065779106!2d16.508398315299676!3d48.23018645268573!2m3!1f0!2f0!3f0!3m2!1i1024!2i768!4f13.1!3m3!1m2!1s0x476da8e39104dffb%3A0x8a34e40b7776d0ef!2sPrintFox-RollupDruck24!5e0!3m2!1sde!2sat!4v1671015415546!5m2!1sde!2sat\" width=\"600\" height=\"450\" style=\"border:0;\" allowfullscreen=\"\" loading=\"lazy\" referrerpolicy=\"no-referrer-when-downgrade\"><\/iframe>\n\n\n\n<p>Zur Bogenware &#8211; <a href=\"https:\/\/www.printfox.com\/DTF-Print\/\" target=\"_blank\" rel=\"noreferrer noopener\">Geht`s hier lang.<\/a><\/p>\n","protected":false},"excerpt":{"rendered":"<p>DTF Druck &#8211; schnell und einfach! Als Druckerei und Werbetechniker bieten wir Ihnen alles f\u00fcr Ihren perfekten Auftritt nach au\u00dfen. Beschriftung | Textildruck | Stickerei | Digitaldruck | uvm. NEU auch DTF Druck &#8211; die schnelle und g\u00fcnstige L\u00f6sung als Bogenware. Hier finden Sie uns. Zur Bogenware &#8211; Geht`s hier lang.<\/p>\n","protected":false},"author":1,"featured_media":0,"parent":0,"menu_order":0,"comment_status":"closed","ping_status":"closed","template":"","meta":{"footnotes":""},"class_list":["post-23","page","type-page","status-publish","hentry"],"_links":{"self":[{"href":"https:\/\/www.dtf-print24.wien\/index.php?rest_route=\/wp\/v2\/pages\/23","targetHints":{"allow":["GET"]}}],"collection":[{"href":"https:\/\/www.dtf-print24.wien\/index.php?rest_route=\/wp\/v2\/pages"}],"about":[{"href":"https:\/\/www.dtf-print24.wien\/index.php?rest_route=\/wp\/v2\/types\/page"}],"author":[{"embeddable":true,"href":"https:\/\/www.dtf-print24.wien\/index.php?rest_route=\/wp\/v2\/users\/1"}],"replies":[{"embeddable":true,"href":"https:\/\/www.dtf-print24.wien\/index.php?rest_route=%2Fwp%2Fv2%2Fcomments&post=23"}],"version-history":[{"count":9,"href":"https:\/\/www.dtf-print24.wien\/index.php?rest_route=\/wp\/v2\/pages\/23\/revisions"}],"predecessor-version":[{"id":58,"href":"https:\/\/www.dtf-print24.wien\/index.php?rest_route=\/wp\/v2\/pages\/23\/revisions\/58"}],"wp:attachment":[{"href":"https:\/\/www.dtf-print24.wien\/index.php?rest_route=%2Fwp%2Fv2%2Fmedia&parent=23"}],"curies":[{"name":"wp","href":"https:\/\/api.w.org\/{rel}","templated":true}]}}