{"id":2,"date":"2022-12-05T10:43:43","date_gmt":"2022-12-05T09:43:43","guid":{"rendered":""},"modified":"2022-12-14T12:21:32","modified_gmt":"2022-12-14T11:21:32","slug":"beispiel-seite","status":"publish","type":"page","link":"https:\/\/www.dtf-print24.wien\/?page_id=2","title":{"rendered":"Warum DTF Drucke?"},"content":{"rendered":"\n<p>Weil wir individuelle Prozesse sch\u00e4tzen und wenn Sie selbst die M\u00f6glichkeit haben Textilien mit dieser Art zu veredeln unterst\u00fctzen wir Sie dabei.&nbsp;<\/p>\n\n\n\n<blockquote class=\"wp-block-quote is-layout-flow wp-block-quote-is-layout-flow\">\n<p class=\"has-medium-font-size\">Bogenware individuell und g\u00fcnstig. <\/p>\n<cite><a href=\"https:\/\/www.printfox.com\/DTF-Print\/\" target=\"_blank\" rel=\"noreferrer noopener\">https:\/\/www.printfox.com\/DTF-Print\/<\/a><\/cite><\/blockquote>\n\n\n\n<p>Welche Bogenformate gibt es? <\/p>\n\n\n\n<ul class=\"wp-block-list\">\n<li>Bogen 285 x 500 mm &#8211; der Kleine!<\/li>\n\n\n\n<li>Bogen 285 x 700 mm &#8211; f\u00fcr mehr Platz<\/li>\n\n\n\n<li>Bogen 285 x 1000 mm Meist genutzte<\/li>\n<\/ul>\n\n\n\n<p>Express B\u00f6gen &#8211; DFP Produktion<\/p>\n\n\n\n<ul class=\"wp-block-list\">\n<li>Bogen 285 x 500 mm &#8211; inkl. Versand taggleich <\/li>\n\n\n\n<li>Bogen 285 x 1000 mm  inkl. Versand taggleich. <\/li>\n<\/ul>\n\n\n\n<p>Tipp: Kombiniere die B\u00f6gen um die optimale Fl\u00e4che zu n\u00fctzen, das erspart Zeit und Geld. <\/p>\n\n\n\n<p>Einfach online unter unserer Website <a href=\"http:\/\/www.Printfox.com\" data-type=\"URL\" data-id=\"www.Printfox.com\">www.Printfox.com<\/a> registrieren und direkt bestellen. <\/p>\n\n\n\n<p><\/p>\n","protected":false},"excerpt":{"rendered":"<p>Weil wir individuelle Prozesse sch\u00e4tzen und wenn Sie selbst die M\u00f6glichkeit haben Textilien mit dieser Art zu veredeln unterst\u00fctzen wir Sie dabei.&nbsp; Bogenware individuell und g\u00fcnstig. https:\/\/www.printfox.com\/DTF-Print\/ Welche Bogenformate gibt es? Express B\u00f6gen &#8211; DFP Produktion Tipp: Kombiniere die B\u00f6gen um die optimale Fl\u00e4che zu n\u00fctzen, das erspart Zeit und Geld. Einfach online unter unserer [&hellip;]<\/p>\n","protected":false},"author":1,"featured_media":0,"parent":0,"menu_order":0,"comment_status":"closed","ping_status":"open","template":"","meta":{"footnotes":""},"class_list":["post-2","page","type-page","status-publish","hentry"],"_links":{"self":[{"href":"https:\/\/www.dtf-print24.wien\/index.php?rest_route=\/wp\/v2\/pages\/2","targetHints":{"allow":["GET"]}}],"collection":[{"href":"https:\/\/www.dtf-print24.wien\/index.php?rest_route=\/wp\/v2\/pages"}],"about":[{"href":"https:\/\/www.dtf-print24.wien\/index.php?rest_route=\/wp\/v2\/types\/page"}],"author":[{"embeddable":true,"href":"https:\/\/www.dtf-print24.wien\/index.php?rest_route=\/wp\/v2\/users\/1"}],"replies":[{"embeddable":true,"href":"https:\/\/www.dtf-print24.wien\/index.php?rest_route=%2Fwp%2Fv2%2Fcomments&post=2"}],"version-history":[{"count":6,"href":"https:\/\/www.dtf-print24.wien\/index.php?rest_route=\/wp\/v2\/pages\/2\/revisions"}],"predecessor-version":[{"id":37,"href":"https:\/\/www.dtf-print24.wien\/index.php?rest_route=\/wp\/v2\/pages\/2\/revisions\/37"}],"wp:attachment":[{"href":"https:\/\/www.dtf-print24.wien\/index.php?rest_route=%2Fwp%2Fv2%2Fmedia&parent=2"}],"curies":[{"name":"wp","href":"https:\/\/api.w.org\/{rel}","templated":true}]}}