{"id":10,"date":"2022-12-05T10:47:11","date_gmt":"2022-12-05T09:47:11","guid":{"rendered":"https:\/\/www.dtf-print24.wien\/?page_id=10"},"modified":"2022-12-14T12:36:04","modified_gmt":"2022-12-14T11:36:04","slug":"was-ist-dtf-print","status":"publish","type":"page","link":"https:\/\/www.dtf-print24.wien\/?page_id=10","title":{"rendered":"Was ist DTF-Print"},"content":{"rendered":"\n<p>Direct to Film &#8211; Der Druck wird auf einen speziellen Folien-Film aufgebracht und danach mit einem feinen Pulver versehen, welches unter Hitze geliert und damit die Verbindung beim Pressen zwischen der Farbe und dem Untergrund (z.B. T-shirt) darstellt. <\/p>\n\n\n\n<p>Unter dem Motto unterschiedliche Hersteller und Preise schwanken auch die Qualit\u00e4ten deutlich. Waschbarkeit und eine optimale Verarbeitung stehen im Vordergrund. <\/p>\n\n\n\n<p><strong>Haltbarkeit?<\/strong><\/p>\n\n\n\n<p>H\u00e4lt man sich an die Waschanleitungen z.B. \u00e4hnlich wie &#8220;Feinw\u00e4sche&#8221; oder &#8220;bedruckten Textilien&#8221; sind weit \u00fcber 60 Waschg\u00e4nge und mehr ohne Qualit\u00e4tsverlust m\u00f6glich.<\/p>\n\n\n\n<p>Mit Hitze wird der &#8220;Kleber&#8221; aufgeschmolzen und stellt eine gute elastische Haltbarkeit dar. Beim Waschen sollten Sie darauf achten, da\u00df keine Reissverschl\u00fcsse z.B. den Druck besch\u00e4digen k\u00f6nnen. <\/p>\n\n\n\n<p><strong>Farben?<\/strong><\/p>\n\n\n\n<p>Intensive Farben und farbtreue zur Vorlage sind weitere Gr\u00fcnde die f\u00fcr diese Drucktechnik sprechen. <\/p>\n\n\n\n<p><strong>Auflagen?<\/strong><\/p>\n\n\n\n<p>Hier punktet der DTF Druck vor allen Anderen deutlich. Feinste Strukturen und Linien sind bereis ab 1 Stk. so g\u00fcnstig realisierbar. <\/p>\n\n\n\n<p><strong>Daten?<\/strong><\/p>\n\n\n\n<p>Jpeg oder Vektordatei gen\u00fcgt und schon kann mit gro\u00dfer Zeitersparnis das Textil bedruckt werden. <\/p>\n\n\n\n<p>Direkt zu den Druckb\u00f6gen: <a rel=\"noreferrer noopener\" href=\"https:\/\/www.printfox.com\/DTF-Print\/\" target=\"_blank\">geht es hier lang<\/a>. <\/p>\n\n\n\n<p><\/p>\n","protected":false},"excerpt":{"rendered":"<p>Direct to Film &#8211; Der Druck wird auf einen speziellen Folien-Film aufgebracht und danach mit einem feinen Pulver versehen, welches unter Hitze geliert und damit die Verbindung beim Pressen zwischen der Farbe und dem Untergrund (z.B. T-shirt) darstellt. Unter dem Motto unterschiedliche Hersteller und Preise schwanken auch die Qualit\u00e4ten deutlich. Waschbarkeit und eine optimale Verarbeitung [&hellip;]<\/p>\n","protected":false},"author":1,"featured_media":0,"parent":0,"menu_order":0,"comment_status":"closed","ping_status":"closed","template":"","meta":{"footnotes":""},"class_list":["post-10","page","type-page","status-publish","hentry"],"_links":{"self":[{"href":"https:\/\/www.dtf-print24.wien\/index.php?rest_route=\/wp\/v2\/pages\/10","targetHints":{"allow":["GET"]}}],"collection":[{"href":"https:\/\/www.dtf-print24.wien\/index.php?rest_route=\/wp\/v2\/pages"}],"about":[{"href":"https:\/\/www.dtf-print24.wien\/index.php?rest_route=\/wp\/v2\/types\/page"}],"author":[{"embeddable":true,"href":"https:\/\/www.dtf-print24.wien\/index.php?rest_route=\/wp\/v2\/users\/1"}],"replies":[{"embeddable":true,"href":"https:\/\/www.dtf-print24.wien\/index.php?rest_route=%2Fwp%2Fv2%2Fcomments&post=10"}],"version-history":[{"count":3,"href":"https:\/\/www.dtf-print24.wien\/index.php?rest_route=\/wp\/v2\/pages\/10\/revisions"}],"predecessor-version":[{"id":40,"href":"https:\/\/www.dtf-print24.wien\/index.php?rest_route=\/wp\/v2\/pages\/10\/revisions\/40"}],"wp:attachment":[{"href":"https:\/\/www.dtf-print24.wien\/index.php?rest_route=%2Fwp%2Fv2%2Fmedia&parent=10"}],"curies":[{"name":"wp","href":"https:\/\/api.w.org\/{rel}","templated":true}]}}